{"id":932,"date":"2021-08-25T05:07:41","date_gmt":"2021-08-25T05:07:41","guid":{"rendered":"http:\/\/primaevocorp.com\/index.php\/resumen-cursos\/"},"modified":"2023-03-17T21:12:37","modified_gmt":"2023-03-17T21:12:37","slug":"sobre-nosotros","status":"publish","type":"page","link":"https:\/\/primaevocorp.com\/index.php\/sobre-nosotros\/","title":{"rendered":"Sobre nosotros"},"content":{"rendered":"\n<div style=\"height:100px\" aria-hidden=\"true\" class=\"wp-block-spacer\"><\/div>\n\n\n\n<p class=\"has-palette-color-4-color has-text-color\" style=\"font-size:19px\">La <strong>Corporaci\u00f3n PrimaEvo<\/strong> es una organizaci\u00f3n sin \u00e1nimo de lucro, legalmente constituida en Colombia hace m\u00e1s de 7 a\u00f1os, que tiene el objetivo  de generar el desarrollo de la sociedad por medio de la educaci\u00f3n informal en diferentes \u00e1reas del conocimiento, as\u00ed como la ejecuci\u00f3n de proyectos y trabajo en voluntariado para beneficio de la comunidad hispanoamericana. <\/p>\n\n\n\n<div class=\"wp-block-ugb-container ugb-container ugb-c17f888 ugb-container--v2 ugb-container--design-basic ugb-main-block\"><div class=\"ugb-inner-block\"><div class=\"ugb-block-content\"><div class=\"ugb-container__wrapper ugb-c17f888-wrapper\"><div class=\"ugb-container__side\"><div class=\"ugb-container__content-wrapper ugb-c17f888-content-wrapper\">\n\n<div class=\"wp-block-ugb-feature ugb-feature ugb-259b0f1 ugb-feature--v2 ugb-feature--design-plain ugb-main-block\"><style>@media screen and (min-width:768px){.ugb-259b0f1 .ugb-img{width:1024px;height:auto !important}}<\/style><div class=\"ugb-inner-block\"><div class=\"ugb-block-content\"><div class=\"ugb-feature__item\"><div class=\"ugb-feature__content\"><h2 class=\"ugb-feature__title\"><strong>Nuestra misi\u00f3n<\/strong><\/h2><p class=\"ugb-feature__description\">Es desarrollar programas de formaci\u00f3n informal de alta calidad en las \u00e1reas de Econom\u00eda, Finanzas, Administraci\u00f3n, Filosof\u00eda y Pol\u00edtica con el fin de lograr una educaci\u00f3n integral en los ciudadanos para el desarrollo de la sociedad en general, pero especialmente en Colombia e Hispanoam\u00e9rica, todo esto a trav\u00e9s de los formatos de e-learning y presencialidad.<\/p><\/div><div class=\"ugb-feature__image-side\"><img decoding=\"async\" class=\"ugb-feature__image ugb-img wp-image-710 ugb-image--shape-stretch\" src=\"http:\/\/primaevocorp.com\/wp-content\/uploads\/2021\/08\/job-5382501_1280-1024x617.jpg\" alt=\"\" height=\"617\" srcset=\"https:\/\/primaevocorp.com\/wp-content\/uploads\/2021\/08\/job-5382501_1280-1024x617.jpg 1024w, https:\/\/primaevocorp.com\/wp-content\/uploads\/2021\/08\/job-5382501_1280-600x361.jpg 600w, https:\/\/primaevocorp.com\/wp-content\/uploads\/2021\/08\/job-5382501_1280-300x181.jpg 300w, https:\/\/primaevocorp.com\/wp-content\/uploads\/2021\/08\/job-5382501_1280-768x463.jpg 768w, https:\/\/primaevocorp.com\/wp-content\/uploads\/2021\/08\/job-5382501_1280.jpg 1280w\" sizes=\"(max-width: 1024px) 100vw, 1024px\" \/><\/div><\/div><\/div><\/div><\/div>\n\n\n<div class=\"wp-block-ugb-feature ugb-feature ugb-91f6d86 ugb-feature--v2 ugb-feature--design-plain ugb-feature--invert ugb-main-block\"><style>@media screen and (min-width:768px){.ugb-91f6d86 .ugb-img{width:1024px;height:auto !important}}<\/style><div class=\"ugb-inner-block\"><div class=\"ugb-block-content\"><div class=\"ugb-feature__item\"><div class=\"ugb-feature__content\"><h2 class=\"ugb-feature__title\"><strong>Nuestra visi\u00f3n<\/strong> <\/h2><p class=\"ugb-feature__description\">Lograr en un per\u00edodo de 5 a\u00f1os ser un referente educativo y acad\u00e9mico en las \u00e1reas de Econom\u00eda, Pol\u00edtica, Filosof\u00eda y Derecho relacionado con la funci\u00f3n empresarial en la sociedad, reconocidos como un instituto proactivo, creativo y con una calidad profesional, tanto estudiantes y profesores de Colombia y toda Hispanoam\u00e9rica <\/p><\/div><div class=\"ugb-feature__image-side\"><img decoding=\"async\" class=\"ugb-feature__image ugb-img wp-image-747 ugb-image--shape-stretch\" src=\"http:\/\/primaevocorp.com\/wp-content\/uploads\/2021\/08\/animal-3065387_1280-1024x682.png\" alt=\"\" height=\"682\" srcset=\"https:\/\/primaevocorp.com\/wp-content\/uploads\/2021\/08\/animal-3065387_1280-1024x682.png 1024w, https:\/\/primaevocorp.com\/wp-content\/uploads\/2021\/08\/animal-3065387_1280-600x400.png 600w, https:\/\/primaevocorp.com\/wp-content\/uploads\/2021\/08\/animal-3065387_1280-300x200.png 300w, https:\/\/primaevocorp.com\/wp-content\/uploads\/2021\/08\/animal-3065387_1280-768x512.png 768w, https:\/\/primaevocorp.com\/wp-content\/uploads\/2021\/08\/animal-3065387_1280.png 1280w\" sizes=\"(max-width: 1024px) 100vw, 1024px\" \/><\/div><\/div><\/div><\/div><\/div>\n\n<\/div><\/div><\/div><\/div><\/div><\/div>\n\n\n\n<div class=\"wp-block-ugb-icon-list ugb-icon-list ugb-c96159b ugb-icon-list--v2 ugb-main-block\"><style>.ugb-c96159b li::before{background-image:url('data:image\/svg+xml;base64,PHN2ZyB4bWxucz0iaHR0cDovL3d3dy53My5vcmcvMjAwMC9zdmciIHZpZXdCb3g9IjAgMCAxOTAgMTkwIj48cG9seWdvbiBwb2ludHM9IjE3My44LDI4LjQgNjAuNCwxNDEuOCAxNS43LDk3LjIgNS4xLDEwNy44IDYwLjQsMTYzIDE4NC40LDM5IDE3My44LDI4LjQiLz48L3N2Zz4=')}.ugb-c96159b.ugb-icon-list ul{columns:2}<\/style><div class=\"ugb-inner-block\"><h2 class=\"ugb-block-title\"><strong>Nuestros objetivos<\/strong><\/h2><div class=\"ugb-block-content\"><ul><li>Capacitar al alumnado en las competencias necesarias para desarrollar una funci\u00f3n empresarial que permita la construcci\u00f3n de un emprendimiento sostenible y sustentable.<\/li><li>Alcanzar la m\u00e1xima excelencia en todas las \u00e1reas dadas en la Corporaci\u00f3n.<\/li><li>Desarrollar la capacidad de an\u00e1lisis sobre el acontecer pol\u00edtico en la naci\u00f3n y fuera de ella<\/li><li>Fomentar en nuestra comunidad la necesidad realizar nuevos proyectos de investigaci\u00f3n, en nuestras diferentes \u00e1reas de estudio.<\/li><li>Promover proyectos de innovaci\u00f3n y formaci\u00f3n para la comunidad en general<\/li><li>Adecuar las acciones formativas de la escuela a las necesidades del mercado<\/li><\/ul><\/div><\/div><\/div>\n\n\n\n<div style=\"height:100px\" aria-hidden=\"true\" class=\"wp-block-spacer\"><\/div>\n","protected":false},"excerpt":{"rendered":"<p>La Corporaci\u00f3n PrimaEvo es una organizaci\u00f3n sin \u00e1nimo de lucro, legalmente constituida en Colombia hace m\u00e1s de 7 a\u00f1os, que tiene el objetivo de generar el desarrollo de la sociedad por medio de la educaci\u00f3n informal en diferentes \u00e1reas del conocimiento, as\u00ed como la ejecuci\u00f3n de proyectos y trabajo en voluntariado para beneficio de la [&hellip;]<\/p>\n","protected":false},"author":1,"featured_media":752,"parent":0,"menu_order":0,"comment_status":"closed","ping_status":"closed","template":"","meta":{"qubely_global_settings":"","qubely_interactions":"","_uag_custom_page_level_css":"","site-sidebar-layout":"default","site-content-layout":"","ast-site-content-layout":"default","site-content-style":"default","site-sidebar-style":"default","ast-global-header-display":"","ast-banner-title-visibility":"","ast-main-header-display":"","ast-hfb-above-header-display":"","ast-hfb-below-header-display":"","ast-hfb-mobile-header-display":"","site-post-title":"","ast-breadcrumbs-content":"","ast-featured-img":"","footer-sml-layout":"","theme-transparent-header-meta":"","adv-header-id-meta":"","stick-header-meta":"","header-above-stick-meta":"","header-main-stick-meta":"","header-below-stick-meta":"","astra-migrate-meta-layouts":"default","ast-page-background-enabled":"default","ast-page-background-meta":{"desktop":{"background-color":"","background-image":"","background-repeat":"repeat","background-position":"center center","background-size":"auto","background-attachment":"scroll","background-type":"","background-media":"","overlay-type":"","overlay-color":"","overlay-opacity":"","overlay-gradient":""},"tablet":{"background-color":"","background-image":"","background-repeat":"repeat","background-position":"center center","background-size":"auto","background-attachment":"scroll","background-type":"","background-media":"","overlay-type":"","overlay-color":"","overlay-opacity":"","overlay-gradient":""},"mobile":{"background-color":"","background-image":"","background-repeat":"repeat","background-position":"center center","background-size":"auto","background-attachment":"scroll","background-type":"","background-media":"","overlay-type":"","overlay-color":"","overlay-opacity":"","overlay-gradient":""}},"ast-content-background-meta":{"desktop":{"background-color":"var(--ast-global-color-5)","background-image":"","background-repeat":"repeat","background-position":"center center","background-size":"auto","background-attachment":"scroll","background-type":"","background-media":"","overlay-type":"","overlay-color":"","overlay-opacity":"","overlay-gradient":""},"tablet":{"background-color":"var(--ast-global-color-5)","background-image":"","background-repeat":"repeat","background-position":"center center","background-size":"auto","background-attachment":"scroll","background-type":"","background-media":"","overlay-type":"","overlay-color":"","overlay-opacity":"","overlay-gradient":""},"mobile":{"background-color":"var(--ast-global-color-5)","background-image":"","background-repeat":"repeat","background-position":"center center","background-size":"auto","background-attachment":"scroll","background-type":"","background-media":"","overlay-type":"","overlay-color":"","overlay-opacity":"","overlay-gradient":""}},"footnotes":""},"class_list":["post-932","page","type-page","status-publish","has-post-thumbnail","hentry"],"aioseo_notices":[],"_hostinger_reach_plugin_has_subscription_block":false,"_hostinger_reach_plugin_is_elementor":false,"uagb_featured_image_src":{"full":["https:\/\/primaevocorp.com\/wp-content\/uploads\/2021\/08\/question-mark-1872665_1920.jpg",1920,1056,false],"thumbnail":["https:\/\/primaevocorp.com\/wp-content\/uploads\/2021\/08\/question-mark-1872665_1920-150x150.jpg",150,150,true],"medium":["https:\/\/primaevocorp.com\/wp-content\/uploads\/2021\/08\/question-mark-1872665_1920-300x165.jpg",300,165,true],"medium_large":["https:\/\/primaevocorp.com\/wp-content\/uploads\/2021\/08\/question-mark-1872665_1920-768x422.jpg",768,422,true],"large":["https:\/\/primaevocorp.com\/wp-content\/uploads\/2021\/08\/question-mark-1872665_1920-1024x563.jpg",1024,563,true],"1536x1536":["https:\/\/primaevocorp.com\/wp-content\/uploads\/2021\/08\/question-mark-1872665_1920-1536x845.jpg",1536,845,true],"2048x2048":["https:\/\/primaevocorp.com\/wp-content\/uploads\/2021\/08\/question-mark-1872665_1920.jpg",1920,1056,false],"qubely_landscape":["https:\/\/primaevocorp.com\/wp-content\/uploads\/2021\/08\/question-mark-1872665_1920-1200x750.jpg",1200,750,true],"qubely_portrait":["https:\/\/primaevocorp.com\/wp-content\/uploads\/2021\/08\/question-mark-1872665_1920-540x320.jpg",540,320,true],"qubely_thumbnail":["https:\/\/primaevocorp.com\/wp-content\/uploads\/2021\/08\/question-mark-1872665_1920-140x100.jpg",140,100,true]},"uagb_author_info":{"display_name":"primaevoadmin","author_link":"https:\/\/primaevocorp.com\/index.php\/author\/primaevoadmin\/"},"uagb_comment_info":0,"uagb_excerpt":"La Corporaci\u00f3n PrimaEvo es una organizaci\u00f3n sin \u00e1nimo de lucro, legalmente constituida en Colombia hace m\u00e1s de 7 a\u00f1os, que tiene el objetivo de generar el desarrollo de la sociedad por medio de la educaci\u00f3n informal en diferentes \u00e1reas del conocimiento, as\u00ed como la ejecuci\u00f3n de proyectos y trabajo en voluntariado para beneficio de la&hellip;","_links":{"self":[{"href":"https:\/\/primaevocorp.com\/index.php\/wp-json\/wp\/v2\/pages\/932","targetHints":{"allow":["GET"]}}],"collection":[{"href":"https:\/\/primaevocorp.com\/index.php\/wp-json\/wp\/v2\/pages"}],"about":[{"href":"https:\/\/primaevocorp.com\/index.php\/wp-json\/wp\/v2\/types\/page"}],"author":[{"embeddable":true,"href":"https:\/\/primaevocorp.com\/index.php\/wp-json\/wp\/v2\/users\/1"}],"replies":[{"embeddable":true,"href":"https:\/\/primaevocorp.com\/index.php\/wp-json\/wp\/v2\/comments?post=932"}],"version-history":[{"count":15,"href":"https:\/\/primaevocorp.com\/index.php\/wp-json\/wp\/v2\/pages\/932\/revisions"}],"predecessor-version":[{"id":1399,"href":"https:\/\/primaevocorp.com\/index.php\/wp-json\/wp\/v2\/pages\/932\/revisions\/1399"}],"wp:featuredmedia":[{"embeddable":true,"href":"https:\/\/primaevocorp.com\/index.php\/wp-json\/wp\/v2\/media\/752"}],"wp:attachment":[{"href":"https:\/\/primaevocorp.com\/index.php\/wp-json\/wp\/v2\/media?parent=932"}],"curies":[{"name":"wp","href":"https:\/\/api.w.org\/{rel}","templated":true}]}}